{"id":1726,"date":"2025-10-08T18:27:00","date_gmt":"2025-10-08T16:27:00","guid":{"rendered":"https:\/\/serwer406515.lh.pl\/autoinstalator\/serwer406515.lh.pl\/wordpress145186\/?page_id=1726"},"modified":"2025-10-08T18:30:47","modified_gmt":"2025-10-08T16:30:47","slug":"rodo","status":"publish","type":"page","link":"https:\/\/nawara24.pl\/de\/rodo\/","title":{"rendered":"DSGVO"},"content":{"rendered":"<div data-elementor-type=\"wp-page\" data-elementor-id=\"1726\" class=\"elementor elementor-1726\" data-elementor-post-type=\"page\">\n\t\t\t\t<div class=\"elementor-element elementor-element-48099ac5 e-flex e-con-boxed e-con e-parent\" data-id=\"48099ac5\" data-element_type=\"container\">\n\t\t\t\t\t<div class=\"e-con-inner\">\n\t\t<div class=\"elementor-element elementor-element-1cafb646 e-con-full e-flex e-con e-child\" data-id=\"1cafb646\" data-element_type=\"container\">\n\t\t\t\t<div class=\"elementor-element elementor-element-37ef1add elementor-widget elementor-widget-heading\" data-id=\"37ef1add\" data-element_type=\"widget\" data-widget_type=\"heading.default\">\n\t\t\t\t\t<h1 class=\"elementor-heading-title elementor-size-default\">Klauzula informacyjna RODO<\/h1>\t\t\t\t<\/div>\n\t\t\t\t<\/div>\n\t\t\t\t\t<\/div>\n\t\t\t\t<\/div>\n\t\t<div class=\"elementor-element elementor-element-3afac90 e-flex e-con-boxed e-con e-parent\" data-id=\"3afac90\" data-element_type=\"container\">\n\t\t\t\t\t<div class=\"e-con-inner\">\n\t\t<div class=\"elementor-element elementor-element-17e680ed e-con-full e-flex e-con e-child\" data-id=\"17e680ed\" data-element_type=\"container\">\n\t\t\t\t<div class=\"elementor-element elementor-element-6db5b22e elementor-widget elementor-widget-text-editor\" data-id=\"6db5b22e\" data-element_type=\"widget\" data-widget_type=\"text-editor.default\">\n\t\t\t\t\t\t\t\t\t<p>Informujemy, i\u017c Administratorem Pana\/Pani danych osobowych jest :<br \/><b>NAWARA Sp\u00f3\u0142ka z ograniczon\u0105 odpowiedzialno\u015bci\u0105 z siedzib\u0105 w Trzebieniu, adres: ul. Stra\u017cacka 3a, Trzebie\u0144, 59-700 Boles\u0142awiec<\/b><\/p><p>Mo\u017cecie si\u0119 Pa\u0144stwo z nami skontaktowa\u0107 pod adresem e-mail:\u00a0\u00a0<strong><a href=\"mailto:rodo@nawaraserwis.pl\">rodo@nawaraserwis.pl<\/a>,<\/strong><\/p><ol><li>Pana\/Pani dane przetwarzane b\u0119d\u0105 dla cel\u00f3w wys\u0142ania odpowiedzi na zadane pytania, w tym z\u0142o\u017cenia spersonalizowanej oferty, na podstawie \u017c\u0105dania \u00a0podj\u0119cia dzia\u0142a\u0144 przez osob\u0119, kt\u00f3rej dane dotycz\u0105, przed zawarciem umowy.<\/li><li>Pani\/Pana dane mog\u0105 by\u0107 udost\u0119pniane podmiotom \u015bwiadcz\u0105cym obs\u0142ug\u0119 informatyczn\u0105 dla Administratora Danych.<\/li><li>Pani\/Pana dane osobowe b\u0119d\u0105 przechowywane przez okres 12 m-cy od dnia wype\u0142nienia formularza kontaktowego.<\/li><li>Przys\u0142uguje Pani\/Panu prawo dost\u0119pu do Pani\/Pana danych osobowych, ich sprostowania, usuni\u0119cia lub ograniczenia przetwarzania w warunkach okre\u015blonych w art. 18 RODO. Przys\u0142uguje Panu tak\u017ce prawo do przenoszenia danych do innego administratora. Pa\u0144stwa \u017c\u0105dania mog\u0105 by\u0107 kierowane na wskazany wy\u017cej adres e-mail lub sk\u0142adane osobi\u015bcie u Administratora pod wskazanym wy\u017cej adresem korespondencyjnym.<\/li><li>Podanie przez Pani\u0105\/Pana danych osobowych jest ca\u0142kowicie dobrowolne, jednak brak podania danych osobowych uniemo\u017cliwi wysy\u0142anie odpowiedzi na zadane przez formularz kontaktowy pytania oraz wysy\u0142anie ofert.<\/li><li>Przys\u0142uguje Pani\/Panu prawo wniesienia skargi do Urz\u0119du Ochrony Danych Osobowych sprawuj\u0105cego kontrol\u0119 nad legalno\u015bci\u0105 i prawid\u0142owo\u015bci\u0105 przetwarzania danych osobowych.<\/li><li>Pani\/Pana dane nie b\u0119d\u0105 przekazywane do kraj\u00f3w spoza obszaru UE oraz do organizacji mi\u0119dzynarodowych<\/li><li>Wobec Pani\/Pana danych osobowych nie b\u0119d\u0105 podejmowane zautomatyzowane decyzje (decyzje bez udzia\u0142u cz\u0142owieka), nie b\u0119d\u0105 te\u017c one podlega\u0142y profilowaniu.<\/li><\/ol><p><!-- \/wp:paragraph --><\/p>\t\t\t\t\t\t\t\t<\/div>\n\t\t\t\t<\/div>\n\t\t\t\t\t<\/div>\n\t\t\t\t<\/div>\n\t\t\t\t<\/div>","protected":false},"excerpt":{"rendered":"<p>Klauzula informacyjna RODO Informujemy, i\u017c Administratorem Pana\/Pani danych osobowych jest :NAWARA Sp\u00f3\u0142ka z ograniczon\u0105 odpowiedzialno\u015bci\u0105 z siedzib\u0105 w Trzebieniu, adres: ul. Stra\u017cacka 3a, Trzebie\u0144, 59-700 Boles\u0142awiec Mo\u017cecie si\u0119 Pa\u0144stwo z nami skontaktowa\u0107 pod adresem e-mail:\u00a0\u00a0rodo@nawaraserwis.pl, Pana\/Pani dane przetwarzane b\u0119d\u0105 dla cel\u00f3w wys\u0142ania odpowiedzi na zadane pytania, w tym z\u0142o\u017cenia spersonalizowanej oferty, na podstawie \u017c\u0105dania \u00a0podj\u0119cia [&hellip;]<\/p>","protected":false},"author":1,"featured_media":0,"parent":0,"menu_order":0,"comment_status":"closed","ping_status":"closed","template":"","meta":{"_acf_changed":false,"inline_featured_image":false,"footnotes":""},"class_list":["post-1726","page","type-page","status-publish","hentry"],"acf":[],"_links":{"self":[{"href":"https:\/\/nawara24.pl\/de\/wp-json\/wp\/v2\/pages\/1726","targetHints":{"allow":["GET"]}}],"collection":[{"href":"https:\/\/nawara24.pl\/de\/wp-json\/wp\/v2\/pages"}],"about":[{"href":"https:\/\/nawara24.pl\/de\/wp-json\/wp\/v2\/types\/page"}],"author":[{"embeddable":true,"href":"https:\/\/nawara24.pl\/de\/wp-json\/wp\/v2\/users\/1"}],"replies":[{"embeddable":true,"href":"https:\/\/nawara24.pl\/de\/wp-json\/wp\/v2\/comments?post=1726"}],"version-history":[{"count":7,"href":"https:\/\/nawara24.pl\/de\/wp-json\/wp\/v2\/pages\/1726\/revisions"}],"predecessor-version":[{"id":1738,"href":"https:\/\/nawara24.pl\/de\/wp-json\/wp\/v2\/pages\/1726\/revisions\/1738"}],"wp:attachment":[{"href":"https:\/\/nawara24.pl\/de\/wp-json\/wp\/v2\/media?parent=1726"}],"curies":[{"name":"wp","href":"https:\/\/api.w.org\/{rel}","templated":true}]}}