{"id":3,"date":"2025-08-12T11:59:09","date_gmt":"2025-08-12T09:59:09","guid":{"rendered":"https:\/\/serwer406515.lh.pl\/autoinstalator\/serwer406515.lh.pl\/wordpress145186\/?page_id=3"},"modified":"2025-10-08T18:26:45","modified_gmt":"2025-10-08T16:26:45","slug":"polityka-prywatnosci","status":"publish","type":"page","link":"https:\/\/nawara24.pl\/de\/polityka-prywatnosci\/","title":{"rendered":"Datenschutzerkl\u00e4rung"},"content":{"rendered":"<div data-elementor-type=\"wp-page\" data-elementor-id=\"3\" class=\"elementor elementor-3\" data-elementor-post-type=\"page\">\n\t\t\t\t<div class=\"elementor-element elementor-element-2cca464 e-flex e-con-boxed e-con e-parent\" data-id=\"2cca464\" data-element_type=\"container\">\n\t\t\t\t\t<div class=\"e-con-inner\">\n\t\t<div class=\"elementor-element elementor-element-1af3827 e-con-full e-flex e-con e-child\" data-id=\"1af3827\" data-element_type=\"container\">\n\t\t\t\t<div class=\"elementor-element elementor-element-09f7163 elementor-widget elementor-widget-heading\" data-id=\"09f7163\" data-element_type=\"widget\" data-widget_type=\"heading.default\">\n\t\t\t\t\t<h1 class=\"elementor-heading-title elementor-size-default\">Regulamin i Polityka prywatno\u015bci<\/h1>\t\t\t\t<\/div>\n\t\t\t\t<\/div>\n\t\t\t\t\t<\/div>\n\t\t\t\t<\/div>\n\t\t<div class=\"elementor-element elementor-element-4d1729f e-flex e-con-boxed e-con e-parent\" data-id=\"4d1729f\" data-element_type=\"container\">\n\t\t\t\t\t<div class=\"e-con-inner\">\n\t\t<div class=\"elementor-element elementor-element-360cd332 e-con-full e-flex e-con e-child\" data-id=\"360cd332\" data-element_type=\"container\">\n\t\t\t\t<div class=\"elementor-element elementor-element-7b65127 elementor-widget elementor-widget-text-editor\" data-id=\"7b65127\" data-element_type=\"widget\" data-widget_type=\"text-editor.default\">\n\t\t\t\t\t\t\t\t\t\n<p>Dzia\u0142aj\u0105c w zgodzie z art. 13 ust. 1 i ust. 2 rozporz\u0105dzenia Parlamentu Europejskiego i Rady (UE) 2016\/679 z 27 kwietnia 2016 r. w skr\u00f3cie RODO informujemy, \u017ce otwieranie stron internetowych serwisu internetowego Nawara Serwis, zwanego dalej \u201cNawara-Serwis\u201d jest r\u00f3wnoznaczne z zaakceptowaniem nast\u0119puj\u0105cych warunk\u00f3w. Je\u015bli nie zgadzasz si\u0119 z tymi warunkami, nie masz prawa korzysta\u0107 z tej witryny.<br \/>Warunki dotycz\u0105 stron w internetowej w domenie \u201cnawaraserwis.pl\u201d.<\/p>\n<p>\u00a0<\/p>\n<p>Informacje prezentowane na stronach Nawara-Serwis nie s\u0105 ofert\u0105 w my\u015bl kodeksu cywilnego RP. Firma lub inna organizacja nabywaj\u0105ca p\u0142atn\u0105 lub bezp\u0142atn\u0105 us\u0142ug\u0119 lub produkt Nawara-Serwis zezwala na wykorzystywanie logo nabywcy w promocyjnych materia\u0142ach Nawara-Serwis i oznaczanie tego\u017c logo jako klienta Nawara-Serwis.<\/p>\n<p>\u00a0<\/p>\n<p>Zawarto\u015b\u0107 stron internetowych Nawara-Serwis jest chroniona prawem autorskim. Wszelkie prawa s\u0105 zastrze\u017cone. Reprodukcja, przekazanie, dystrybucja lub przechowywanie cz\u0119\u015bci lub ca\u0142o\u015bci tej zawarto\u015bci w dowolnej formie bez uprzedniej pisemnej zgody od w\u0142a\u015bciciela Nawara-Serwis jest zabronione.<\/p>\n<p>\u00a0<\/p>\n<p>Nawara-Serwis, systemy analityczne i reklamowe wykorzystane na stronach wykorzystuj\u0105 pliki \u201ccookie\u201d, kt\u00f3re u\u0142atwiaj\u0105 korzystanie z jej zasob\u00f3w. Pliki \u201ccookie\u201d zawieraj\u0105 u\u017cyteczne informacje i s\u0105 przechowywane na komputerze u\u017cytkownika \u2013 nasz serwer i serwery naszych partner\u00f3w mog\u0105 je odczyta\u0107 przy ponownym po\u0142\u0105czeniu si\u0119 z tym komputerem. Wy\u0142\u0105czenie informacji \u201ccookies\u201d w przegl\u0105darce u\u017cytkownika mo\u017ce utrudni\u0107 korzystanie z witryny Nawara-Serwis. Pliki \u201ccookie\u201d s\u0105 generowane przez witryn\u0119 Nawara-Serwis jak i przez us\u0142ugi firm trzecich.<\/p>\n<p>\u00a0<\/p>\n<p>Witryna Nawara-Serwis posiada informacje o swoich u\u017cytkownikach. Ich podanie jest dobrowolne i potrzebne do proces\u00f3w rejestracyjnych w korzystaniu z produkt\u00f3w i us\u0142ug witryny Nawara-Serwis.<br \/>Przetwarzanie Pa\u0144stwa danych osobowych odbywa si\u0119 na podstawie art. 6 RODO i w celach marketingowych Administrator Danych Osobowych powo\u0142uje si\u0119 na prawnie uzasadniony interes, kt\u00f3rym jest analityka internetowa strony www, analiza odwiedzin, analiza komentarzy, lista\u00a0mailingowa, kontakt.<\/p>\n<p>Dane s\u0105 odpowiednio zabezpieczone. Przesy\u0142aj\u0105c dane kontaktowe do Nawara-Serwis u\u017cytkownik zgadza si\u0119 na przetwarzanie swoich danych w celach informacyjnych, marketingowych i handlowych przez Nawara-Serwis. U\u017cytkownik wyra\u017ca zgod\u0119 na przetwarzanie swoich danych osobowych zgodnie z ustaw\u0105 z dnia 29 sierpnia 1997 r. o ochronie danych osobowych (Dz.U. nr 133, poz. 883) przez Nawara-Serwis. U\u017cytkownikowi przys\u0142uguje prawo do usuni\u0119cia swoich danych osobowych z Nawara-Serwis.<\/p>\n<p>\u00a0<\/p>\n<p>W\u0142a\u015bcicielem\u00a0<strong>NAWARASERWIS<\/strong>\u00a0jest NAWARA Sp\u00f3\u0142ka z ograniczon\u0105 odpowiedzialno\u015bci\u0105 z siedzib\u0105 w Trzebieniu, adres: ul. Stra\u017cacka 3a, Trzebie\u0144, 59-700 Boles\u0142awiec<strong>, email:\u00a0<a href=\"mailto:handel@nawaraserwis.pl\">handel@nawaraserwis.pl<\/a>, tel.+48 075 735 0000,<\/strong>\u00a0kt\u00f3ra r\u00f3wnocze\u015bnie jest administratorem Pa\u0144stwa danych osobowych.<\/p>\n<p>Regulamin opublikowano w Sierpniu 2014 roku, zmiany dokonano 12.07.2024<\/p>\t\t\t\t\t\t\t\t<\/div>\n\t\t\t\t<\/div>\n\t\t\t\t\t<\/div>\n\t\t\t\t<\/div>\n\t\t\t\t<\/div>","protected":false},"excerpt":{"rendered":"<p>Regulamin i Polityka prywatno\u015bci Dzia\u0142aj\u0105c w zgodzie z art. 13 ust. 1 i ust. 2 rozporz\u0105dzenia Parlamentu Europejskiego i Rady (UE) 2016\/679 z 27 kwietnia 2016 r. w skr\u00f3cie RODO informujemy, \u017ce otwieranie stron internetowych serwisu internetowego Nawara Serwis, zwanego dalej \u201cNawara-Serwis\u201d jest r\u00f3wnoznaczne z zaakceptowaniem nast\u0119puj\u0105cych warunk\u00f3w. Je\u015bli nie zgadzasz si\u0119 z tymi warunkami, [&hellip;]<\/p>","protected":false},"author":1,"featured_media":0,"parent":0,"menu_order":0,"comment_status":"closed","ping_status":"open","template":"","meta":{"_acf_changed":false,"inline_featured_image":false,"footnotes":""},"class_list":["post-3","page","type-page","status-publish","hentry"],"acf":[],"_links":{"self":[{"href":"https:\/\/nawara24.pl\/de\/wp-json\/wp\/v2\/pages\/3","targetHints":{"allow":["GET"]}}],"collection":[{"href":"https:\/\/nawara24.pl\/de\/wp-json\/wp\/v2\/pages"}],"about":[{"href":"https:\/\/nawara24.pl\/de\/wp-json\/wp\/v2\/types\/page"}],"author":[{"embeddable":true,"href":"https:\/\/nawara24.pl\/de\/wp-json\/wp\/v2\/users\/1"}],"replies":[{"embeddable":true,"href":"https:\/\/nawara24.pl\/de\/wp-json\/wp\/v2\/comments?post=3"}],"version-history":[{"count":13,"href":"https:\/\/nawara24.pl\/de\/wp-json\/wp\/v2\/pages\/3\/revisions"}],"predecessor-version":[{"id":1725,"href":"https:\/\/nawara24.pl\/de\/wp-json\/wp\/v2\/pages\/3\/revisions\/1725"}],"wp:attachment":[{"href":"https:\/\/nawara24.pl\/de\/wp-json\/wp\/v2\/media?parent=3"}],"curies":[{"name":"wp","href":"https:\/\/api.w.org\/{rel}","templated":true}]}}