{"id":1688,"date":"2025-10-08T17:44:20","date_gmt":"2025-10-08T15:44:20","guid":{"rendered":"https:\/\/serwer406515.lh.pl\/autoinstalator\/serwer406515.lh.pl\/wordpress145186\/?page_id=1688"},"modified":"2025-12-10T12:46:10","modified_gmt":"2025-12-10T11:46:10","slug":"serwis","status":"publish","type":"page","link":"https:\/\/nawara24.pl\/en\/serwis\/","title":{"rendered":"Service"},"content":{"rendered":"<div data-elementor-type=\"wp-page\" data-elementor-id=\"1688\" class=\"elementor elementor-1688\" data-elementor-post-type=\"page\">\n\t\t\t\t<div class=\"elementor-element elementor-element-71551656 e-flex e-con-boxed e-con e-parent\" data-id=\"71551656\" data-element_type=\"container\">\n\t\t\t\t\t<div class=\"e-con-inner\">\n\t\t<div class=\"elementor-element elementor-element-53c378ce e-con-full e-flex e-con e-child\" data-id=\"53c378ce\" data-element_type=\"container\">\n\t\t\t\t<div class=\"elementor-element elementor-element-488370c2 elementor-widget elementor-widget-heading\" data-id=\"488370c2\" data-element_type=\"widget\" data-widget_type=\"heading.default\">\n\t\t\t\t\t<h1 class=\"elementor-heading-title elementor-size-default\">Service<\/h1>\t\t\t\t<\/div>\n\t\t\t\t<\/div>\n\t\t\t\t\t<\/div>\n\t\t\t\t<\/div>\n\t\t<div class=\"elementor-element elementor-element-7f8b933c e-flex e-con-boxed e-con e-parent\" data-id=\"7f8b933c\" data-element_type=\"container\">\n\t\t\t\t\t<div class=\"e-con-inner\">\n\t\t<div class=\"elementor-element elementor-element-1a4e2262 e-con-full e-flex e-con e-child\" data-id=\"1a4e2262\" data-element_type=\"container\">\n\t\t<div class=\"elementor-element elementor-element-5387aab1 e-con-full e-flex e-con e-child\" data-id=\"5387aab1\" data-element_type=\"container\">\n\t\t<div class=\"elementor-element elementor-element-9920baa e-con-full e-flex e-con e-child\" data-id=\"9920baa\" data-element_type=\"container\" data-settings=\"{&quot;background_background&quot;:&quot;classic&quot;}\">\n\t\t\t\t<div class=\"elementor-element elementor-element-18a97a84 elementor-widget__width-initial elementor-widget elementor-widget-heading\" data-id=\"18a97a84\" data-element_type=\"widget\" data-widget_type=\"heading.default\">\n\t\t\t\t\t<h2 class=\"elementor-heading-title elementor-size-default\">SERVICE<\/h2>\t\t\t\t<\/div>\n\t\t\t\t<div class=\"elementor-element elementor-element-5a95870d elementor-widget elementor-widget-text-editor\" data-id=\"5a95870d\" data-element_type=\"widget\" data-widget_type=\"text-editor.default\">\n\t\t\t\t\t\t\t\t\t<p class=\"western\"><b>SERVICE \u2013 reliability that keeps production running<\/b><\/p><p class=\" translation-block\">At Nawara Serwis, service is not just technical support \u2013 it is a strategic solution that ensures the smooth operation of industrial facilities.\nOur service teams operate throughout Poland and Europe, offering quick, flexible, and comprehensive support \u2013 both for devices from our own production and systems from other brands.<\/p>\t\t\t\t\t\t\t\t<\/div>\n\t\t\t\t<\/div>\n\t\t<div class=\"elementor-element elementor-element-6efbcf4d e-con-full e-flex e-con e-child\" data-id=\"6efbcf4d\" data-element_type=\"container\" data-settings=\"{&quot;background_background&quot;:&quot;classic&quot;,&quot;position&quot;:&quot;absolute&quot;}\">\n\t\t\t\t<\/div>\n\t\t\t\t<\/div>\n\t\t\t\t<\/div>\n\t\t\t\t\t<\/div>\n\t\t\t\t<\/div>\n\t\t<div class=\"elementor-element elementor-element-247f936 e-flex e-con-boxed e-con e-parent\" data-id=\"247f936\" data-element_type=\"container\">\n\t\t\t\t\t<div class=\"e-con-inner\">\n\t\t<div class=\"elementor-element elementor-element-f72cf32 e-con-full e-flex e-con e-child\" data-id=\"f72cf32\" data-element_type=\"container\">\n\t\t<div class=\"elementor-element elementor-element-bc20b6d e-con-full e-flex e-con e-child\" data-id=\"bc20b6d\" data-element_type=\"container\" data-settings=\"{&quot;background_background&quot;:&quot;classic&quot;}\">\n\t\t\t\t<div class=\"elementor-element elementor-element-4bf8440 elementor-widget__width-initial elementor-widget elementor-widget-heading\" data-id=\"4bf8440\" data-element_type=\"widget\" data-widget_type=\"heading.default\">\n\t\t\t\t\t<h4 class=\"elementor-heading-title elementor-size-default\">Why Choose Us?<\/h4>\t\t\t\t<\/div>\n\t\t\t\t<\/div>\n\t\t\t\t<\/div>\n\t\t\t\t\t<\/div>\n\t\t\t\t<\/div>\n\t\t<div class=\"elementor-element elementor-element-7a32c062 e-flex e-con-boxed e-con e-parent\" data-id=\"7a32c062\" data-element_type=\"container\">\n\t\t\t\t\t<div class=\"e-con-inner\">\n\t\t<div class=\"elementor-element elementor-element-1cedfe88 e-con-full e-flex e-con e-child\" data-id=\"1cedfe88\" data-element_type=\"container\">\n\t\t<div class=\"elementor-element elementor-element-1824ea54 e-con-full e-flex e-con e-child\" data-id=\"1824ea54\" data-element_type=\"container\">\n\t\t<div class=\"elementor-element elementor-element-293f100b e-con-full e-flex e-con e-child\" data-id=\"293f100b\" data-element_type=\"container\" data-settings=\"{&quot;background_background&quot;:&quot;classic&quot;}\">\n\t\t\t\t<\/div>\n\t\t<div class=\"elementor-element elementor-element-76b2ad00 e-con-full e-flex e-con e-child\" data-id=\"76b2ad00\" data-element_type=\"container\">\n\t\t\t\t<div class=\"elementor-element elementor-element-d5979bc elementor-widget__width-initial elementor-widget elementor-widget-heading\" data-id=\"d5979bc\" data-element_type=\"widget\" data-widget_type=\"heading.default\">\n\t\t\t\t\t<h4 class=\"elementor-heading-title elementor-size-default\">Rapid Response<\/h4>\t\t\t\t<\/div>\n\t\t\t\t<div class=\"elementor-element elementor-element-34ae00cc elementor-widget elementor-widget-text-editor\" data-id=\"34ae00cc\" data-element_type=\"widget\" data-widget_type=\"text-editor.default\">\n\t\t\t\t\t\t\t\t\t<p>\u2013 We understand that every hour of downtime means real losses. Our teams are ready to act immediately.<\/p>\t\t\t\t\t\t\t\t<\/div>\n\t\t\t\t<\/div>\n\t\t\t\t<\/div>\n\t\t<div class=\"elementor-element elementor-element-7c289ef9 e-con-full e-flex e-con e-child\" data-id=\"7c289ef9\" data-element_type=\"container\">\n\t\t<div class=\"elementor-element elementor-element-ff08fef e-con-full e-flex e-con e-child\" data-id=\"ff08fef\" data-element_type=\"container\">\n\t\t\t\t<div class=\"elementor-element elementor-element-58890ffb elementor-widget__width-initial elementor-widget elementor-widget-heading\" data-id=\"58890ffb\" data-element_type=\"widget\" data-widget_type=\"heading.default\">\n\t\t\t\t\t<h4 class=\"elementor-heading-title elementor-size-default\">Flexibility<\/h4>\t\t\t\t<\/div>\n\t\t\t\t<div class=\"elementor-element elementor-element-44160870 elementor-widget elementor-widget-text-editor\" data-id=\"44160870\" data-element_type=\"widget\" data-widget_type=\"text-editor.default\">\n\t\t\t\t\t\t\t\t\t<p>\u2013 We adapt to your plant\u2019s specifics, technology, and expectations.<\/p>\t\t\t\t\t\t\t\t<\/div>\n\t\t\t\t<\/div>\n\t\t<div class=\"elementor-element elementor-element-4f0ee792 e-con-full e-flex e-con e-child\" data-id=\"4f0ee792\" data-element_type=\"container\" data-settings=\"{&quot;background_background&quot;:&quot;classic&quot;}\">\n\t\t\t\t<\/div>\n\t\t\t\t<\/div>\n\t\t<div class=\"elementor-element elementor-element-6c3ece4f e-con-full e-flex e-con e-child\" data-id=\"6c3ece4f\" data-element_type=\"container\">\n\t\t<div class=\"elementor-element elementor-element-5a1e3325 e-con-full e-flex e-con e-child\" data-id=\"5a1e3325\" data-element_type=\"container\" data-settings=\"{&quot;background_background&quot;:&quot;classic&quot;}\">\n\t\t\t\t<\/div>\n\t\t<div class=\"elementor-element elementor-element-1765e07e e-con-full e-flex e-con e-child\" data-id=\"1765e07e\" data-element_type=\"container\">\n\t\t\t\t<div class=\"elementor-element elementor-element-6e5d8a77 elementor-widget__width-initial elementor-widget elementor-widget-heading\" data-id=\"6e5d8a77\" data-element_type=\"widget\" data-widget_type=\"heading.default\">\n\t\t\t\t\t<h4 class=\"elementor-heading-title elementor-size-default\">Experience<\/h4>\t\t\t\t<\/div>\n\t\t\t\t<div class=\"elementor-element elementor-element-7bd35631 elementor-widget elementor-widget-text-editor\" data-id=\"7bd35631\" data-element_type=\"widget\" data-widget_type=\"text-editor.default\">\n\t\t\t\t\t\t\t\t\t<p>\u2013 Our technicians are experts with years of hands-on practice in diverse industrial systems.<\/p>\t\t\t\t\t\t\t\t<\/div>\n\t\t\t\t<\/div>\n\t\t\t\t<\/div>\n\t\t<div class=\"elementor-element elementor-element-6366398f e-con-full e-flex e-con e-child\" data-id=\"6366398f\" data-element_type=\"container\">\n\t\t<div class=\"elementor-element elementor-element-5e82aeed e-con-full e-flex e-con e-child\" data-id=\"5e82aeed\" data-element_type=\"container\">\n\t\t\t\t<div class=\"elementor-element elementor-element-2e16767c elementor-widget__width-initial elementor-widget elementor-widget-heading\" data-id=\"2e16767c\" data-element_type=\"widget\" data-widget_type=\"heading.default\">\n\t\t\t\t\t<h4 class=\"elementor-heading-title elementor-size-default\">Comprehensive Support<\/h4>\t\t\t\t<\/div>\n\t\t\t\t<div class=\"elementor-element elementor-element-4666e8f elementor-widget elementor-widget-text-editor\" data-id=\"4666e8f\" data-element_type=\"widget\" data-widget_type=\"text-editor.default\">\n\t\t\t\t\t\t\t\t\t<p>\u2013 From first contact to commissioning and training \u2013 we provide full technical assistance.<\/p>\t\t\t\t\t\t\t\t<\/div>\n\t\t\t\t<\/div>\n\t\t<div class=\"elementor-element elementor-element-403001c0 e-con-full e-flex e-con e-child\" data-id=\"403001c0\" data-element_type=\"container\" data-settings=\"{&quot;background_background&quot;:&quot;classic&quot;}\">\n\t\t\t\t<\/div>\n\t\t\t\t<\/div>\n\t\t\t\t<\/div>\n\t\t\t\t\t<\/div>\n\t\t\t\t<\/div>\n\t\t<div class=\"elementor-element elementor-element-e9d7857 e-flex e-con-boxed e-con e-parent\" data-id=\"e9d7857\" data-element_type=\"container\">\n\t\t\t\t\t<div class=\"e-con-inner\">\n\t\t<div class=\"elementor-element elementor-element-254e244 e-con-full e-flex e-con e-child\" data-id=\"254e244\" data-element_type=\"container\">\n\t\t<div class=\"elementor-element elementor-element-cf0dc20 e-con-full e-flex e-con e-child\" data-id=\"cf0dc20\" data-element_type=\"container\" data-settings=\"{&quot;background_background&quot;:&quot;classic&quot;}\">\n\t\t\t\t<div class=\"elementor-element elementor-element-b0484cb elementor-widget__width-initial elementor-widget elementor-widget-heading\" data-id=\"b0484cb\" data-element_type=\"widget\" data-widget_type=\"heading.default\">\n\t\t\t\t\t<h4 class=\"elementor-heading-title elementor-size-default\">Scope of Service:<\/h4>\t\t\t\t<\/div>\n\t\t\t\t<\/div>\n\t\t\t\t<\/div>\n\t\t\t\t\t<\/div>\n\t\t\t\t<\/div>\n\t\t<div class=\"elementor-element elementor-element-cab2a73 e-flex e-con-boxed e-con e-parent\" data-id=\"cab2a73\" data-element_type=\"container\">\n\t\t\t\t\t<div class=\"e-con-inner\">\n\t\t<div class=\"elementor-element elementor-element-dfa6193 e-con-full e-flex e-con e-child\" data-id=\"dfa6193\" data-element_type=\"container\">\n\t\t<div class=\"elementor-element elementor-element-1af9261 e-con-full e-flex e-con e-child\" data-id=\"1af9261\" data-element_type=\"container\">\n\t\t<div class=\"elementor-element elementor-element-f9fa407 e-con-full e-flex e-con e-child\" data-id=\"f9fa407\" data-element_type=\"container\" data-settings=\"{&quot;background_background&quot;:&quot;classic&quot;}\">\n\t\t\t\t<\/div>\n\t\t<div class=\"elementor-element elementor-element-8f7c66d e-con-full e-flex e-con e-child\" data-id=\"8f7c66d\" data-element_type=\"container\">\n\t\t\t\t<div class=\"elementor-element elementor-element-a965cdb elementor-widget__width-initial elementor-widget elementor-widget-heading\" data-id=\"a965cdb\" data-element_type=\"widget\" data-widget_type=\"heading.default\">\n\t\t\t\t\t<h4 class=\"elementor-heading-title elementor-size-default\">Diagnostics, repairs, and upgrades of dust extraction installations<\/h4>\t\t\t\t<\/div>\n\t\t\t\t<\/div>\n\t\t\t\t<\/div>\n\t\t<div class=\"elementor-element elementor-element-b2007e9 e-con-full e-flex e-con e-child\" data-id=\"b2007e9\" data-element_type=\"container\">\n\t\t<div class=\"elementor-element elementor-element-d7a5b66 e-con-full e-flex e-con e-child\" data-id=\"d7a5b66\" data-element_type=\"container\">\n\t\t\t\t<div class=\"elementor-element elementor-element-7686bc2 elementor-widget__width-initial elementor-widget elementor-widget-heading\" data-id=\"7686bc2\" data-element_type=\"widget\" data-widget_type=\"heading.default\">\n\t\t\t\t\t<h4 class=\"elementor-heading-title elementor-size-default\">Maintenance of filtration units, fans, piping systems, and automation<\/h4>\t\t\t\t<\/div>\n\t\t\t\t<\/div>\n\t\t<div class=\"elementor-element elementor-element-fe30bc5 e-con-full e-flex e-con e-child\" data-id=\"fe30bc5\" data-element_type=\"container\" data-settings=\"{&quot;background_background&quot;:&quot;classic&quot;}\">\n\t\t\t\t<\/div>\n\t\t\t\t<\/div>\n\t\t<div class=\"elementor-element elementor-element-7412385 e-con-full e-flex e-con e-child\" data-id=\"7412385\" data-element_type=\"container\">\n\t\t<div class=\"elementor-element elementor-element-be35c46 e-con-full e-flex e-con e-child\" data-id=\"be35c46\" data-element_type=\"container\" data-settings=\"{&quot;background_background&quot;:&quot;classic&quot;}\">\n\t\t\t\t<\/div>\n\t\t<div class=\"elementor-element elementor-element-29017dc e-con-full e-flex e-con e-child\" data-id=\"29017dc\" data-element_type=\"container\">\n\t\t\t\t<div class=\"elementor-element elementor-element-4fbd73b elementor-widget__width-initial elementor-widget elementor-widget-heading\" data-id=\"4fbd73b\" data-element_type=\"widget\" data-widget_type=\"heading.default\">\n\t\t\t\t\t<h4 class=\"elementor-heading-title elementor-size-default\">Regeneration and replacement of filter cartridges<\/h4>\t\t\t\t<\/div>\n\t\t\t\t<\/div>\n\t\t\t\t<\/div>\n\t\t<div class=\"elementor-element elementor-element-ba1f478 e-con-full e-flex e-con e-child\" data-id=\"ba1f478\" data-element_type=\"container\">\n\t\t<div class=\"elementor-element elementor-element-94da763 e-con-full e-flex e-con e-child\" data-id=\"94da763\" data-element_type=\"container\">\n\t\t\t\t<div class=\"elementor-element elementor-element-a5c96b1 elementor-widget__width-initial elementor-widget elementor-widget-heading\" data-id=\"a5c96b1\" data-element_type=\"widget\" data-widget_type=\"heading.default\">\n\t\t\t\t\t<h4 class=\"elementor-heading-title elementor-size-default\">Technical inspections, service documentation, and technological consulting<\/h4>\t\t\t\t<\/div>\n\t\t\t\t<\/div>\n\t\t<div class=\"elementor-element elementor-element-dc6d4f7 e-con-full e-flex e-con e-child\" data-id=\"dc6d4f7\" data-element_type=\"container\" data-settings=\"{&quot;background_background&quot;:&quot;classic&quot;}\">\n\t\t\t\t<\/div>\n\t\t\t\t<\/div>\n\t\t<div class=\"elementor-element elementor-element-aebd159 e-con-full e-flex e-con e-child\" data-id=\"aebd159\" data-element_type=\"container\">\n\t\t<div class=\"elementor-element elementor-element-7ab6bb4 e-con-full e-flex e-con e-child\" data-id=\"7ab6bb4\" data-element_type=\"container\" data-settings=\"{&quot;background_background&quot;:&quot;classic&quot;}\">\n\t\t\t\t<\/div>\n\t\t<div class=\"elementor-element elementor-element-3fa11fd e-con-full e-flex e-con e-child\" data-id=\"3fa11fd\" data-element_type=\"container\">\n\t\t\t\t<div class=\"elementor-element elementor-element-2997a0d elementor-widget__width-initial elementor-widget elementor-widget-heading\" data-id=\"2997a0d\" data-element_type=\"widget\" data-widget_type=\"heading.default\">\n\t\t\t\t\t<h4 class=\"elementor-heading-title elementor-size-default\">Support for expansion and optimization of existing installations<\/h4>\t\t\t\t<\/div>\n\t\t\t\t<\/div>\n\t\t\t\t<\/div>\n\t\t\t\t<\/div>\n\t\t\t\t\t<\/div>\n\t\t\t\t<\/div>\n\t\t<div class=\"elementor-element elementor-element-4dd12bb e-flex e-con-boxed e-con e-parent\" data-id=\"4dd12bb\" data-element_type=\"container\">\n\t\t\t\t\t<div class=\"e-con-inner\">\n\t\t<div class=\"elementor-element elementor-element-cf03e78 e-con-full e-flex e-con e-child\" data-id=\"cf03e78\" data-element_type=\"container\">\n\t\t\t\t<div class=\"elementor-element elementor-element-2dd8028 elementor-widget__width-initial elementor-widget elementor-widget-text-editor\" data-id=\"2dd8028\" data-element_type=\"widget\" data-widget_type=\"text-editor.default\">\n\t\t\t\t\t\t\t\t\t<p class=\" translation-block\">With an extensive service structure and mobile teams, NAWARA guarantees continuous operational readiness for production facilities across Europe. Our service means safety, efficiency, and technical peace of mind \u2013 exactly when you need it.<\/p>\t\t\t\t\t\t\t\t<\/div>\n\t\t\t\t<div class=\"elementor-element elementor-element-d735ffb elementor-widget elementor-widget-heading\" data-id=\"d735ffb\" data-element_type=\"widget\" data-widget_type=\"heading.default\">\n\t\t\t\t\t<h2 class=\"elementor-heading-title elementor-size-default\">Formularz reklamacyjny<\/h2>\t\t\t\t<\/div>\n\t\t\t\t<div class=\"elementor-element elementor-element-4e9dfa9 elementor-widget__width-inherit elementor-widget elementor-widget-shortcode\" data-id=\"4e9dfa9\" data-element_type=\"widget\" data-widget_type=\"shortcode.default\">\n\t\t\t\t\t\t\t<div class=\"elementor-shortcode\"><div class=\"forminator-ui forminator-custom-form forminator-custom-form-2166 forminator-design--default  forminator_ajax\" data-forminator-render=\"0\" data-form=\"forminator-module-2166\" data-uid=\"69eb55ab1ad4e\"><br\/><\/div><form\n\t\t\t\tid=\"forminator-module-2166\"\n\t\t\t\tclass=\"forminator-ui forminator-custom-form forminator-custom-form-2166 forminator-design--default  forminator_ajax\"\n\t\t\t\tmethod=\"post\"\n\t\t\t\tdata-forminator-render=\"0\"\n\t\t\t\tdata-form-id=\"2166\"\n\t\t\t\t data-color-option=\"theme\" data-design=\"default\" data-grid=\"open\" style=\"display: none;\"\n\t\t\t\tdata-uid=\"69eb55ab1ad4e\" action=\"\"\n\t\t\t><div role=\"alert\" aria-live=\"polite\" class=\"forminator-response-message forminator-error\" aria-hidden=\"true\"><\/div><div class=\"forminator-row\"><div id=\"name-1\" class=\"forminator-field-name forminator-col forminator-col-12\"><div class=\"forminator-field\"><input type=\"text\" name=\"name-1\" value=\"\" placeholder=\"First and last name\" id=\"forminator-field-name-1_69eb55ab1ad4e\" class=\"forminator-input forminator-name--field\" aria-required=\"true\" autocomplete=\"name\" \/><\/div><\/div><\/div><div class=\"forminator-row\"><div id=\"phone-1\" class=\"forminator-field-phone forminator-col forminator-col-12\"><div class=\"forminator-field\"><input type=\"text\" name=\"phone-1\" value=\"\" placeholder=\"Phone\" id=\"forminator-field-phone-1_69eb55ab1ad4e\" class=\"forminator-input forminator-field--phone\" data-required=\"1\" aria-required=\"true\" autocomplete=\"off\" \/><\/div><\/div><\/div><div class=\"forminator-row\"><div id=\"email-1\" class=\"forminator-field-email forminator-col forminator-col-12\"><div class=\"forminator-field\"><input type=\"email\" name=\"email-1\" value=\"\" placeholder=\"E-mail\" id=\"forminator-field-email-1_69eb55ab1ad4e\" class=\"forminator-input forminator-email--field\" data-required=\"1\" aria-required=\"true\" autocomplete=\"email\" \/><\/div><\/div><\/div><div class=\"forminator-row\"><div id=\"text-1\" class=\"forminator-field-text forminator-col forminator-col-12\"><div class=\"forminator-field\"><input type=\"text\" name=\"text-1\" value=\"\" placeholder=\"Subject\" id=\"forminator-field-text-1_69eb55ab1ad4e\" class=\"forminator-input forminator-name--field\" data-required=\"1\" \/><\/div><\/div><\/div><div class=\"forminator-row\"><div id=\"textarea-1\" class=\"forminator-field-textarea forminator-col forminator-col-12\"><div class=\"forminator-field\"><textarea name=\"textarea-1\" placeholder=\"Your message\" id=\"forminator-field-textarea-1_69eb55ab1ad4e\" class=\"forminator-textarea\" rows=\"6\" style=\"min-height:140px;\" ><\/textarea><\/div><\/div><\/div><div class=\"forminator-row\"><div id=\"consent-1\" class=\"forminator-field-consent forminator-col forminator-col-12\"><div class=\"forminator-field\"><div class=\"forminator-checkbox__wrapper\"><label id=\"forminator-field-consent-1_69eb55ab1ad4e__label\" class=\"forminator-checkbox forminator-consent\" aria-labelledby=\"forminator-field-consent-1_69eb55ab1ad4e-label\"><input type=\"checkbox\" name=\"consent-1\" id=\"forminator-field-consent-1_69eb55ab1ad4e\" value=\"checked\" aria-labelledby=\"forminator-field-consent-1_69eb55ab1ad4e-label\" aria-describedby=\"forminator-field-consent-1_69eb55ab1ad4e__description\" data-required=\"true\" aria-required=\"true\" \/><span class=\"forminator-checkbox-box\" aria-hidden=\"true\"><\/span><\/label><div id=\"forminator-field-consent-1_69eb55ab1ad4e__description\" class=\"forminator-checkbox__label forminator-consent__label\"><p><a href=\"https:\/\/nawara24.pl\/en\/polityka-prywatnosci\/\">Privacy Policy<\/a><\/p><\/div><\/div><\/div><\/div><\/div><input type=\"hidden\" name=\"referer_url\" value=\"\" \/><div class=\"forminator-row forminator-row-last\"><div class=\"forminator-col\"><div class=\"forminator-field\"><button class=\"forminator-button forminator-button-submit\">Send<\/button><\/div><\/div><\/div><input type=\"hidden\" id=\"forminator_nonce\" name=\"forminator_nonce\" value=\"46f4fb1c37\" \/><input type=\"hidden\" name=\"_wp_http_referer\" value=\"\/en\/wp-json\/wp\/v2\/pages\/1688\" \/><input type=\"hidden\" name=\"form_id\" value=\"2166\"><input type=\"hidden\" name=\"page_id\" value=\"1688\"><input type=\"hidden\" name=\"form_type\" value=\"default\"><input type=\"hidden\" name=\"current_url\" value=\"https:\/\/nawara24.pl\/en\/serwis\/\"><input type=\"hidden\" name=\"render_id\" value=\"0\"><input type=\"hidden\" name=\"action\" value=\"forminator_submit_form_custom-forms\"><input type=\"hidden\" name=\"trp-form-language\" value=\"en\"\/><\/form><\/div>\n\t\t\t\t\t\t<\/div>\n\t\t\t\t<\/div>\n\t\t\t\t\t<\/div>\n\t\t\t\t<\/div>\n\t\t\t\t<\/div>","protected":false},"excerpt":{"rendered":"<p>Serwis SERWIS SERWIS \u2013 niezawodno\u015b\u0107, kt\u00f3ra podtrzymuje produkcj\u0119 W firmie NAWARA to nie tylko wsparcie techniczne \u2013 to strategiczna us\u0142uga, kt\u00f3ra zapewnia ci\u0105g\u0142o\u015b\u0107 pracy zak\u0142ad\u00f3w przemys\u0142owych. Nasze zespo\u0142y serwisowe dzia\u0142aj\u0105 na terenie ca\u0142ej Polski i Europy, oferuj\u0105c szybkie, elastyczne i kompleksowe wsparcie \u2013 zar\u00f3wno dla urz\u0105dze\u0144 naszej produkcji, jak i system\u00f3w innych marek. Dlaczego warto? [&hellip;]<\/p>","protected":false},"author":1,"featured_media":0,"parent":0,"menu_order":0,"comment_status":"closed","ping_status":"closed","template":"","meta":{"_acf_changed":false,"inline_featured_image":false,"footnotes":""},"class_list":["post-1688","page","type-page","status-publish","hentry"],"acf":[],"_links":{"self":[{"href":"https:\/\/nawara24.pl\/en\/wp-json\/wp\/v2\/pages\/1688","targetHints":{"allow":["GET"]}}],"collection":[{"href":"https:\/\/nawara24.pl\/en\/wp-json\/wp\/v2\/pages"}],"about":[{"href":"https:\/\/nawara24.pl\/en\/wp-json\/wp\/v2\/types\/page"}],"author":[{"embeddable":true,"href":"https:\/\/nawara24.pl\/en\/wp-json\/wp\/v2\/users\/1"}],"replies":[{"embeddable":true,"href":"https:\/\/nawara24.pl\/en\/wp-json\/wp\/v2\/comments?post=1688"}],"version-history":[{"count":47,"href":"https:\/\/nawara24.pl\/en\/wp-json\/wp\/v2\/pages\/1688\/revisions"}],"predecessor-version":[{"id":2228,"href":"https:\/\/nawara24.pl\/en\/wp-json\/wp\/v2\/pages\/1688\/revisions\/2228"}],"wp:attachment":[{"href":"https:\/\/nawara24.pl\/en\/wp-json\/wp\/v2\/media?parent=1688"}],"curies":[{"name":"wp","href":"https:\/\/api.w.org\/{rel}","templated":true}]}}